{"id":20795,"date":"2018-08-28T12:34:15","date_gmt":"2018-08-28T09:34:15","guid":{"rendered":"https:\/\/hoovipood.ee\/privaatsustingimused\/"},"modified":"2023-03-23T16:24:54","modified_gmt":"2023-03-23T14:24:54","slug":"yksityisyys-ja-kayttoehdot","status":"publish","type":"page","link":"https:\/\/hoovipood.ee\/fi\/yksityisyys-ja-kayttoehdot\/","title":{"rendered":"Yksityisyys ja k\u00e4ytt\u00f6ehdot"},"content":{"rendered":"<div class=\"fusion-fullwidth fullwidth-box fusion-builder-row-1 gradient-container-1 nonhundred-percent-fullwidth non-hundred-percent-height-scrolling\" style=\"--awb-border-radius-top-left:0px;--awb-border-radius-top-right:0px;--awb-border-radius-bottom-right:0px;--awb-border-radius-bottom-left:0px;--awb-flex-wrap:wrap;\" ><div class=\"fusion-builder-row fusion-row\"><div class=\"fusion-layout-column fusion_builder_column fusion-builder-column-0 fusion_builder_column_1_1 1_1 fusion-one-full fusion-column-first fusion-column-last\" style=\"--awb-bg-size:cover;\"><div class=\"fusion-column-wrapper fusion-flex-column-wrapper-legacy\"><div class=\"fusion-text fusion-text-1\"><h1 class=\"fusion-responsive-typography-calculated\" style=\"--fontsize: 28; line-height: 1.3;\" data-fontsize=\"28\" data-lineheight=\"36.4px\">Privaatsustingimused<\/h1>\n<p><strong style=\"background-color: rgba(255, 255, 255, 0); color: var(--body_typography-color); font-family: var(--body_typography-font-family); font-size: var(--body_typography-font-size); font-style: var(--body_typography-font-style,normal); letter-spacing: var(--body_typography-letter-spacing);\"><br \/>\nVeebipoe hoovipood.ee isikuandmete vastutav t\u00f6\u00f6tleja on HOOVIPOOD O\u00dc (registrikood: <\/strong><b style=\"background-color: rgba(255, 255, 255, 0); color: var(--body_typography-color); font-family: var(--body_typography-font-family); font-size: var(--body_typography-font-size); font-style: var(--body_typography-font-style,normal); letter-spacing: var(--body_typography-letter-spacing);\">16117922<\/b><strong style=\"background-color: rgba(255, 255, 255, 0); color: var(--body_typography-color); font-family: var(--body_typography-font-family); font-size: var(--body_typography-font-size); font-style: var(--body_typography-font-style,normal); letter-spacing: var(--body_typography-letter-spacing);\"> juriidiline aadress: <\/strong><b style=\"background-color: rgba(255, 255, 255, 0); color: var(--body_typography-color); font-family: var(--body_typography-font-family); font-size: var(--body_typography-font-size); font-style: var(--body_typography-font-style,normal); letter-spacing: var(--body_typography-letter-spacing);\">Vambola, K\u00f5duk\u00fcla Elva vald Tartu maakond 61005<\/b><strong style=\"background-color: rgba(255, 255, 255, 0); color: var(--body_typography-color); font-family: var(--body_typography-font-family); font-size: var(--body_typography-font-size); font-style: var(--body_typography-font-style,normal); letter-spacing: var(--body_typography-letter-spacing);\">, telefon: +372 5670 4094 ja e-post <\/strong><b style=\"background-color: rgba(255, 255, 255, 0); color: var(--body_typography-color); font-family: var(--body_typography-font-family); font-size: var(--body_typography-font-size); font-style: var(--body_typography-font-style,normal); letter-spacing: var(--body_typography-letter-spacing);\">hoovipood@gmail.com<\/b><strong style=\"background-color: rgba(255, 255, 255, 0); color: var(--body_typography-color); font-family: var(--body_typography-font-family); font-size: var(--body_typography-font-size); font-style: var(--body_typography-font-style,normal); letter-spacing: var(--body_typography-letter-spacing);\">.)<\/strong><\/p>\n<p><strong><em><u>Milliseid isikuandmeid t\u00f6\u00f6deldakse<\/u><\/em><\/strong><\/p>\n<ul>\n<li>nimi, telefoninumber ja e-posti aadress;<\/li>\n<li>kauba kohaletoimetamise aadress;<\/li>\n<li>pangakonto number;<\/li>\n<li>kaupade ja teenuste maksumus ja maksetega seotud andmed (ostuajalugu);<\/li>\n<li>klienditoe andmed.<\/li>\n<\/ul>\n<p><strong><em><u>Mis eesm\u00e4rgil isikuandmeid t\u00f6\u00f6deldakse<\/u><\/em><\/strong><\/p>\n<p>HOOVIPOOD O\u00dc on isikuandmete vastutav t\u00f6\u00f6tleja ja edastab maksete teostamiseks vajalikud isikuandmed volitatud t\u00f6\u00f6tleja Maksekeskus AS-ile.<\/p>\n<p>Isikuandmeid kasutatakse kliendi tellimuste haldamiseks ja kauba kohaletoimetamiseks.<\/p>\n<p>Ostuajaloo andmeid (ostu kuup\u00e4ev, kaup, kogus, kliendi andmed) kasutatakse ostetud kaupade ja teenuste \u00fclevaate koostamiseks ning kliendieelistuste anal\u00fc\u00fcsimiseks.<\/p>\n<p>Pangakonto numbrit kasutatakse kliendile maksete tagastamiseks.<\/p>\n<p>Isikuandmeid nagu e-post, telefoni nr, kliendi nimi, t\u00f6\u00f6deldakse selleks, et lahendada kaupade ja teenuste osutamise seonduvaid k\u00fcsimusi (klienditugi).<\/p>\n<p>Veebipoe kasutaja IP-aadressi v\u00f5i teisi v\u00f5rguidentifikaatoreid t\u00f6\u00f6deldakse veebipoe kui info\u00fchiskonna teenuse osutamiseks ning veebikasutusstatistika tegemiseks.<\/p>\n<p><strong><em><u>\u00d5iguslik alus<\/u><\/em><\/strong><\/p>\n<p>Isikuandmete t\u00f6\u00f6tlemine toimub kliendiga s\u00f5lmitud lepingu t\u00e4itmise eesm\u00e4rgil.<\/p>\n<p>Isikuandmete t\u00f6\u00f6tlemine toimub juriidilise kohustuse t\u00e4itmiseks (nt raamatupidamine ja tarbijavaidluste lahendamine).<\/p>\n<p><strong><em><u>Vastuv\u00f5tjad, kellele isikuandmed edastatakse<\/u><\/em><\/strong><\/p>\n<p>Isikuandmed edastatakse veebipoe klienditoele ostude ja ostuajaloo haldamiseks ja kliendiprobleemide lahendamiseks.<\/p>\n<p>Nimi ja telefoninumber edastatakse kliendi poolt valitud transporditeenuse pakkujale ja\/v\u00f5i kauba tarnijale kui kauba saatjaks on tarnija. Kui tegemist on kulleriga kohale toimetatava kaubaga v\u00f5i kui klient tellib kauba postkontorisse, siis edastatakse lisaks kontaktandmetele ka kliendi aadress.<\/p>\n<p>Kui veebipoe raamatupidamine toimub teenusepakkuja poolt, siis edastatakse isikuandmed teenusepakkujale raamatupidamistoimingute tegemiseks.<\/p>\n<p>Isikuandmeid v\u00f5idakse edastada infotehnoloogia teenuste pakkujatele, kui see on vajalik veebipoe funktsionaalsuse v\u00f5i andmemajutuse tagamiseks.<\/p>\n<p><strong><em><u>Turvalisus ja andmetele ligip\u00e4\u00e4s<\/u><\/em><\/strong><\/p>\n<p>Isikuandmeid hoitakse Zone.ee serverites, mis asuvad Euroopa Liidu liikmesriigi v\u00f5i Euroopa Liidu majanduspiirkonnaga liitunud riikide territooriumil. Andmeid v\u00f5idakse edastada riikidesse, mille andmekaitse taset on Euroopa Komisjon hinnanud piisavaks ning ettev\u00f5tetele, kes on liitund andmekaitse kilbi (<em>Privacy Shield<\/em>) raamistikuga.<\/p>\n<p>Juurdep\u00e4\u00e4s isikuandmetele on veebipoe t\u00f6\u00f6tajatel, kes saavad isikuandmetega tutvuda selleks, et lahendada veebipoe kasutamisega seonduvaid tehnilisi k\u00fcsimusi ning osutada klienditoe teenust.<\/p>\n<p>Veebipood rakendab asjakohaseid f\u00fc\u00fcsilisi, organisatsioonilisi ja infotehnilisi turvameetmeid, et kaitsta isikuandmeid juhusliku v\u00f5i ebaseadusliku h\u00e4vitamise, kaotsimineku, muutmise v\u00f5i loata juurdep\u00e4\u00e4su ja avalikustamise eest.<\/p>\n<p>Isikuandmete edastamine veebipoe volitatud t\u00f6\u00f6tlejatele (nt transporditeenuse pakkuja ja andmemajutus) toimub veebipoe ja volitatud t\u00f6\u00f6tlejatega s\u00f5lmitud kokkulepete alusel. Volitatud t\u00f6\u00f6tlejaid on kohustatud tagama isikuandmete t\u00f6\u00f6tlemisel asjakohased kaitsemeetmed.<\/p>\n<p><strong><em><u>Isikuandmetega tutvumine ja parandamine<\/u><\/em><\/strong><\/p>\n<p>Isikuandmetega saab tutvuda ja teha parandusi veebipoe kasutajaprofiilis. Kui ost on sooritatud ilma kasutajakontota, siis saab tutvuda isikuandmetega klinditoe vahendusel.<\/p>\n<p><strong><em><u>N\u00f5usoleku tagasiv\u00f5tmine<\/u><\/em><\/strong><\/p>\n<p>Kui isikundmete t\u00f6\u00f6tlemine toimub kliendi n\u00f5usoleku alusel, siis on kliendil \u00f5igus n\u00f5usolek tagasi v\u00f5tta teavitades sellest kliendituge e-posti teel.<\/p>\n<p><strong><em><u>S\u00e4ilitamine<\/u><\/em><\/strong><\/p>\n<p>Veebipoe kliendikonto sulgemisel kustutatakse isikuandmed, va juhul kui selliseid andmeid on vaja s\u00e4ilitada raamatupidamise jaoks v\u00f5i tarbijavaidluste lahendamiseks.<\/p>\n<p>Kui veebipoes on ost sooritatud ilma kliendikontota, siis s\u00e4ilitatakse ostuajalugu kolm aastat.<\/p>\n<p>Maksetega ja tarbijavaidlustega seotud vaidluste korral s\u00e4ilitatakse isikuandmed kuni n\u00f5ude t\u00e4itmiseni v\u00f5i aegumist\u00e4htaja l\u00f5puni.<\/p>\n<p>Raamatupidamise jaoks vajalikud isikuandmed s\u00e4ilitatakse seitse aastat.<\/p>\n<p><strong><em><u>Kustutamine<\/u><\/em><\/strong><\/p>\n<p>Isikuandmete kustutamiseks tuleb v\u00f5tta \u00fchendust klienditoega e-posti teel. Kustutamistaotlusele vastatakse mitte hiljem kui kuu aja jooksul ning t\u00e4psustakse andmete kustutamise perioodi.<\/p>\n<p><strong><em><u>\u00dclekandmine<\/u><\/em><\/strong><\/p>\n<p>E-posti teel esitatud isikuandmete \u00fclekandmise taotlusele vastatakse hiljemalt kuu aja jooksul. Klienditugi tuvastab isikusamasuse ja teavitab isikuandmetest, mis kuuluvad \u00fclekandmisele.<\/p>\n<p><strong><em><u>Otseturustusteated<\/u><\/em><\/strong><\/p>\n<p>E-kirja aadressi ja telefoninumbrit kasutatakse otseturundusteadete saatmiseks, kui klient on andnud vastava n\u00f5usoleku. Kui klient ei soovi saada otseturustusteateid, siis tuleb valida e-kirja jaluses vastav viide v\u00f5i v\u00f5tta \u00fchendust klienditoega.<\/p>\n<p>Kui isikuandmeid t\u00f6\u00f6deldakse otseturunduse eesm\u00e4rgil (profileerimine), on kliendil \u00f5igus oma isikuandmete nii algse kui ka edasise t\u00f6\u00f6tlemise, sealhulgas otseturundusega seotud profiilianal\u00fc\u00fcsi tegemise suhtes igal ajal vastuv\u00e4iteid esitada teavitades sellest kliendituge e-posti teel (<em>vastav teave tuleb esitada selgelt ja eraldi igasugusest muust teabest<\/em>).<\/p>\n<p><strong><em><u>Vaidluste lahendamine<\/u><\/em><\/strong><\/p>\n<p>Isikuandmete t\u00f6\u00f6tlemisega seotud vaidluste lahendamine toimub klienditoe vahendusel (e-post: hoovipood@gmail.com). J\u00e4relevalveasutus on Eesti Andmekaitse Inspektsioon (info@aki.ee).<\/p>\n<\/div><div class=\"fusion-text fusion-text-2\"><h2 data-fontsize=\"26\" data-lineheight=\"39px\">K\u00fcpsised<\/h2>\n<h5 class=\"fusion-responsive-typography-calculated\" data-fontsize=\"26\" data-lineheight=\"39px\">Mis on k\u00fcpsised?<\/h5>\n<p>Meie veebileht kasutab k\u00fcpsiseid (inglise keeles \u201ccookie\u201d). K\u00fcpsis on v\u00e4ike tekstikujuline andmeplokk Teie veebilehitsejas, mille veebileht saadab Teie arvutis olevasse k\u00fcpsiste faili. K\u00fcpsised v\u00f5imaldavad meie veebilehel pakkuda Teile paremat kasutajakogemust ning kujundada ja arendada oma veebilehte nii, et meie teenus oleks v\u00f5imalikult kvaliteetne.<\/p>\n<p>Kui j\u00e4tkate meie veebilehe kasutamist, siis n\u00f5ustute \u00fchtlasti k\u00fcpsiste kasutamisega.<\/p>\n<p>Kui Te ei soovi, et k\u00fcpsiseid salvestatakse Teie arvutisse, siis v\u00f5ite need blokeerida oma veebilehitseja s\u00e4tetes. Nii ei salvestata ei meie ega \u00fchegi teise veebilehe k\u00fcpsiseid, kuid selle tulemusena ei pruugi k\u00f5ik veebilehe funktsioonid korralikult toimida.<\/p>\n<h2 class=\"fusion-responsive-typography-calculated\" data-fontsize=\"26\" data-lineheight=\"39px\">Meie veebilehel kasutatavad k\u00fcpsised<\/h2>\n<p><strong>V\u00e4ga vajalikud k\u00fcpsised<\/strong><br \/>\nNeil k\u00fcpsistel on oluline roll meie saidi t\u00f6\u00f6s. N\u00e4iteks kuuluvad siia k\u00fcpsised, mille abil saate liikuda \u00f5igetele lehtedele, kui teeme veebisaidi t\u00f6\u00f6s uuendusi.<\/p>\n<p><strong>Talitlusk\u00fcpsised<\/strong><br \/>\nNeed k\u00fcpsised koguvad teavet, kuidas k\u00fclastajad kodulehte kasutavad. Nii saame teada, kui on ilmnenud m\u00f5ni viga. Me ei kogu otsest kasutajat tuvastavat teavet, vaid anon\u00fc\u00fcmseid andmeid. Kasutame seda teavet ainult veebisaidi t\u00f6\u00f6 t\u00e4iustamiseks.<\/p>\n<\/div><div class=\"fusion-clearfix\"><\/div><\/div><\/div><\/div><\/div>\n","protected":false},"excerpt":{"rendered":"","protected":false},"author":2,"featured_media":0,"parent":0,"menu_order":0,"comment_status":"closed","ping_status":"closed","template":"","meta":{"footnotes":""},"class_list":["post-20795","page","type-page","status-publish","hentry"],"_links":{"self":[{"href":"https:\/\/hoovipood.ee\/fi\/wp-json\/wp\/v2\/pages\/20795","targetHints":{"allow":["GET"]}}],"collection":[{"href":"https:\/\/hoovipood.ee\/fi\/wp-json\/wp\/v2\/pages"}],"about":[{"href":"https:\/\/hoovipood.ee\/fi\/wp-json\/wp\/v2\/types\/page"}],"author":[{"embeddable":true,"href":"https:\/\/hoovipood.ee\/fi\/wp-json\/wp\/v2\/users\/2"}],"replies":[{"embeddable":true,"href":"https:\/\/hoovipood.ee\/fi\/wp-json\/wp\/v2\/comments?post=20795"}],"version-history":[{"count":2,"href":"https:\/\/hoovipood.ee\/fi\/wp-json\/wp\/v2\/pages\/20795\/revisions"}],"predecessor-version":[{"id":20797,"href":"https:\/\/hoovipood.ee\/fi\/wp-json\/wp\/v2\/pages\/20795\/revisions\/20797"}],"wp:attachment":[{"href":"https:\/\/hoovipood.ee\/fi\/wp-json\/wp\/v2\/media?parent=20795"}],"curies":[{"name":"wp","href":"https:\/\/api.w.org\/{rel}","templated":true}]}}