{"id":20827,"date":"2022-08-29T12:51:28","date_gmt":"2022-08-29T09:51:28","guid":{"rendered":"https:\/\/hoovipood.ee\/toode\/mokki\/"},"modified":"2023-04-18T09:19:00","modified_gmt":"2023-04-18T06:19:00","slug":"mokki","status":"publish","type":"product","link":"https:\/\/hoovipood.ee\/fi\/toode\/mokki\/","title":{"rendered":"Multilift m\u00f6kki"},"content":{"rendered":"","protected":false},"excerpt":{"rendered":"<p><strong>Kuvaus<\/strong><\/p>\n<p>Pieni m\u00f6kki 23m2 rakennettu multilift rungolle.<\/p>\n<p>Olohuone, sauna ja kuivak\u00e4ym\u00e4l\u00e4.<\/p>\n<p>Muista kysy\u00e4 toiveidesi mukainen tarjous.<\/p>\n<p>Pyyd\u00e4 henkil\u00f6kohtainen tarjous.<\/p>\n<p>hoovipood@gmail.com<\/p>\n<p><strong>Tekniset tiedot<\/strong><\/p>\n<hr \/>\n<table width=\"446\">\n<tbody>\n<tr>\n<td>Mitat asennettuna (PxLxK)<\/td>\n<td>3250 x 7200 x 3100 mm<\/td>\n<\/tr>\n<tr>\n<td>Runko<\/td>\n<td>Metallia\/puuta<\/td>\n<\/tr>\n<tr>\n<td>Viimeistely<\/td>\n<td>Teollisuusmaali<\/td>\n<\/tr>\n<tr>\n<td>V\u00e4ri<\/td>\n<td>Kuten pyydettiin<\/td>\n<\/tr>\n<tr>\n<td>Paino<\/td>\n<td>5100 kg<\/td>\n<\/tr>\n<tr>\n<td>Katto<\/td>\n<td>Trapetsi\/klassikko<\/td>\n<\/tr>\n<tr>\n<td>Kattolauta<\/td>\n<td>T\u00e4ysin puhallettu<\/td>\n<\/tr>\n<tr>\n<td>Lattia<\/td>\n<td>Lattialauta<\/td>\n<\/tr>\n<\/tbody>\n<\/table>\n","protected":false},"featured_media":20742,"template":"","meta":[],"product_brand":[],"product_cat":[454],"product_tag":[],"class_list":{"0":"post-20827","1":"product","2":"type-product","3":"status-publish","4":"has-post-thumbnail","6":"product_cat-rakennukset","8":"first","9":"instock","10":"taxable","11":"shipping-taxable","12":"product-type-external"},"_links":{"self":[{"href":"https:\/\/hoovipood.ee\/fi\/wp-json\/wp\/v2\/product\/20827","targetHints":{"allow":["GET"]}}],"collection":[{"href":"https:\/\/hoovipood.ee\/fi\/wp-json\/wp\/v2\/product"}],"about":[{"href":"https:\/\/hoovipood.ee\/fi\/wp-json\/wp\/v2\/types\/product"}],"wp:featuredmedia":[{"embeddable":true,"href":"https:\/\/hoovipood.ee\/fi\/wp-json\/wp\/v2\/media\/20742"}],"wp:attachment":[{"href":"https:\/\/hoovipood.ee\/fi\/wp-json\/wp\/v2\/media?parent=20827"}],"wp:term":[{"taxonomy":"product_brand","embeddable":true,"href":"https:\/\/hoovipood.ee\/fi\/wp-json\/wp\/v2\/product_brand?post=20827"},{"taxonomy":"product_cat","embeddable":true,"href":"https:\/\/hoovipood.ee\/fi\/wp-json\/wp\/v2\/product_cat?post=20827"},{"taxonomy":"product_tag","embeddable":true,"href":"https:\/\/hoovipood.ee\/fi\/wp-json\/wp\/v2\/product_tag?post=20827"}],"curies":[{"name":"wp","href":"https:\/\/api.w.org\/{rel}","templated":true}]}}