{"id":20830,"date":"2022-07-05T20:20:11","date_gmt":"2022-07-05T17:20:11","guid":{"rendered":"https:\/\/hoovipood.ee\/toode\/rattahoidja-multi\/"},"modified":"2023-04-18T09:19:44","modified_gmt":"2023-04-18T06:19:44","slug":"pyorateline-multi","status":"publish","type":"product","link":"https:\/\/hoovipood.ee\/fi\/toode\/pyorateline-multi\/","title":{"rendered":"Py\u00f6r\u00e4teline Multi"},"content":{"rendered":"","protected":false},"excerpt":{"rendered":"<p>hoovipood@gmail.com<\/p>\n<p><strong>Tekniset tiedot<\/strong><\/p>\n<hr \/>\n<table width=\"446\">\n<tbody>\n<tr>\n<td>Mitat asennettuna (PxLxK)<\/td>\n<td>660 mm<\/td>\n<\/tr>\n<tr>\n<td>Runko<\/td>\n<td>Ter\u00e4s<\/td>\n<\/tr>\n<tr>\n<td>Viimeistely<\/td>\n<td>Kuumasinkki + jauhemaalaus<\/td>\n<\/tr>\n<tr>\n<td>V\u00e4ri<\/td>\n<td>Kuten pyydettiin<\/td>\n<\/tr>\n<tr>\n<td>Asennusreik\u00e4<\/td>\n<td>M8\/M10\/M12<\/td>\n<\/tr>\n<tr>\n<td>Py\u00f6r\u00e4paikkojen m\u00e4\u00e4r\u00e4<\/td>\n<td>Kuten pyydettiin<\/td>\n<\/tr>\n<tr>\n<td><\/td>\n<td><\/td>\n<\/tr>\n<tr>\n<td><\/td>\n<td><\/td>\n<\/tr>\n<\/tbody>\n<\/table>\n","protected":false},"featured_media":20731,"template":"","meta":[],"product_brand":[],"product_cat":[456],"product_tag":[],"class_list":{"0":"post-20830","1":"product","2":"type-product","3":"status-publish","4":"has-post-thumbnail","6":"product_cat-pyoratelineet","8":"first","9":"instock","10":"taxable","11":"shipping-taxable","12":"product-type-external"},"_links":{"self":[{"href":"https:\/\/hoovipood.ee\/fi\/wp-json\/wp\/v2\/product\/20830","targetHints":{"allow":["GET"]}}],"collection":[{"href":"https:\/\/hoovipood.ee\/fi\/wp-json\/wp\/v2\/product"}],"about":[{"href":"https:\/\/hoovipood.ee\/fi\/wp-json\/wp\/v2\/types\/product"}],"wp:featuredmedia":[{"embeddable":true,"href":"https:\/\/hoovipood.ee\/fi\/wp-json\/wp\/v2\/media\/20731"}],"wp:attachment":[{"href":"https:\/\/hoovipood.ee\/fi\/wp-json\/wp\/v2\/media?parent=20830"}],"wp:term":[{"taxonomy":"product_brand","embeddable":true,"href":"https:\/\/hoovipood.ee\/fi\/wp-json\/wp\/v2\/product_brand?post=20830"},{"taxonomy":"product_cat","embeddable":true,"href":"https:\/\/hoovipood.ee\/fi\/wp-json\/wp\/v2\/product_cat?post=20830"},{"taxonomy":"product_tag","embeddable":true,"href":"https:\/\/hoovipood.ee\/fi\/wp-json\/wp\/v2\/product_tag?post=20830"}],"curies":[{"name":"wp","href":"https:\/\/api.w.org\/{rel}","templated":true}]}}