{"id":20941,"date":"2023-03-30T09:32:45","date_gmt":"2023-03-30T06:32:45","guid":{"rendered":"https:\/\/hoovipood.ee\/?post_type=product&#038;p=20941"},"modified":"2023-04-18T09:17:48","modified_gmt":"2023-04-18T06:17:48","slug":"ulkomakuuhuone-revontulet","status":"publish","type":"product","link":"https:\/\/hoovipood.ee\/fi\/toode\/ulkomakuuhuone-revontulet\/","title":{"rendered":"Ulkomakuuhuone Revontulet"},"content":{"rendered":"","protected":false},"excerpt":{"rendered":"<p><strong>Kuvaus<\/strong><\/p>\n<p>Ulkomakuuhuone, joka l\u00e4mmitt\u00e4\u00e4 syd\u00e4nt\u00e4 ja saa silm\u00e4t loistamaan.<\/p>\n<p>Muista kysy\u00e4 toiveidesi mukainen tarjous.<\/p>\n<p>hoovipood@gmail.com<\/p>\n<p><strong>Tekniset tiedot<\/strong><\/p>\n<hr \/>\n<table width=\"446\">\n<tbody>\n<tr>\n<td>Mitat asennettuna (PxLxK)<\/td>\n<td>2750 x 3600 x 3100 mm<\/td>\n<\/tr>\n<tr>\n<td>Runko<\/td>\n<td>Puu<\/td>\n<\/tr>\n<tr>\n<td>Viimeistely<\/td>\n<td>Lasur v\u00e4ri<\/td>\n<\/tr>\n<tr>\n<td>V\u00e4ri<\/td>\n<td>Kuten pyydettiin<\/td>\n<\/tr>\n<tr>\n<td>Paino<\/td>\n<td>3620 kg<\/td>\n<\/tr>\n<tr>\n<td>Pelti<\/td>\n<td>K\u00e4rg<\/td>\n<\/tr>\n<tr>\n<td>Kattolauta<\/td>\n<td>T\u00e4ysin puhallettu<\/td>\n<\/tr>\n<tr>\n<td>Lattia<\/td>\n<td>Kyll\u00e4stetty puu<\/td>\n<\/tr>\n<\/tbody>\n<\/table>\n","protected":false},"featured_media":20943,"template":"","meta":[],"product_brand":[],"product_cat":[459],"product_tag":[],"class_list":{"0":"post-20941","1":"product","2":"type-product","3":"status-publish","4":"has-post-thumbnail","6":"product_cat-sauna-ulko-makuuhuone","8":"first","9":"instock","10":"taxable","11":"shipping-taxable","12":"product-type-external"},"_links":{"self":[{"href":"https:\/\/hoovipood.ee\/fi\/wp-json\/wp\/v2\/product\/20941","targetHints":{"allow":["GET"]}}],"collection":[{"href":"https:\/\/hoovipood.ee\/fi\/wp-json\/wp\/v2\/product"}],"about":[{"href":"https:\/\/hoovipood.ee\/fi\/wp-json\/wp\/v2\/types\/product"}],"wp:featuredmedia":[{"embeddable":true,"href":"https:\/\/hoovipood.ee\/fi\/wp-json\/wp\/v2\/media\/20943"}],"wp:attachment":[{"href":"https:\/\/hoovipood.ee\/fi\/wp-json\/wp\/v2\/media?parent=20941"}],"wp:term":[{"taxonomy":"product_brand","embeddable":true,"href":"https:\/\/hoovipood.ee\/fi\/wp-json\/wp\/v2\/product_brand?post=20941"},{"taxonomy":"product_cat","embeddable":true,"href":"https:\/\/hoovipood.ee\/fi\/wp-json\/wp\/v2\/product_cat?post=20941"},{"taxonomy":"product_tag","embeddable":true,"href":"https:\/\/hoovipood.ee\/fi\/wp-json\/wp\/v2\/product_tag?post=20941"}],"curies":[{"name":"wp","href":"https:\/\/api.w.org\/{rel}","templated":true}]}}