{"id":21169,"date":"2024-03-17T16:51:07","date_gmt":"2024-03-17T14:51:07","guid":{"rendered":"https:\/\/hoovipood.ee\/?post_type=product&#038;p=21169"},"modified":"2024-03-17T16:57:03","modified_gmt":"2024-03-17T14:57:03","slug":"corten-egg-tulisija","status":"publish","type":"product","link":"https:\/\/hoovipood.ee\/fi\/toode\/corten-egg-tulisija\/","title":{"rendered":"CORTEN EGG TULISIJA"},"content":{"rendered":"","protected":false},"excerpt":{"rendered":"<p><strong>\u00a0Kuvaus<\/strong><\/p>\n<p>Corten-ter\u00e4s, joka tunnetaan my\u00f6s nimell\u00e4 s\u00e4\u00e4nkest\u00e4v\u00e4 ter\u00e4s. Se on luonteeltaan korroosiota est\u00e4v\u00e4. Ensimm\u00e4ist\u00e4 kertaa yhteydess\u00e4 ilmakeh\u00e4n olosuhteille, siihen muodostuu ruosteinen kerros, joka suojaa korroosiolta. Siksi sinun ei tarvitse maalata sit\u00e4. Corten-ter\u00e4kselle tyypillinen ruskea v\u00e4ri kiinnitt\u00e4\u00e4 huomion. Lopuksi s\u00e4\u00e4nkest\u00e4v\u00e4 ter\u00e4s on poikkeuksellisen kest\u00e4v\u00e4\u00e4 ja kest\u00e4\u00e4 ajan koetta.<\/p>\n<p>Huom!Tuotteen valmistamisen j\u00e4lkeen tuote ei ole viel\u00e4 ruostunut ja vastaanotettuaan se on tavallisen metallin v\u00e4risen\u00e4, mutta ruostetta kehittyy ajan my\u00f6t\u00e4.<\/p>\n<p>hoovipood@gmail.com<\/p>\n<p>&nbsp;<\/p>\n","protected":false},"featured_media":21160,"template":"","meta":[],"product_brand":[],"product_cat":[453,452],"product_tag":[],"class_list":{"0":"post-21169","1":"product","2":"type-product","3":"status-publish","4":"has-post-thumbnail","6":"product_cat-grillit","7":"product_cat-puutarhapoydat-ja-penkit","9":"first","10":"instock","11":"taxable","12":"shipping-taxable","13":"product-type-external"},"_links":{"self":[{"href":"https:\/\/hoovipood.ee\/fi\/wp-json\/wp\/v2\/product\/21169","targetHints":{"allow":["GET"]}}],"collection":[{"href":"https:\/\/hoovipood.ee\/fi\/wp-json\/wp\/v2\/product"}],"about":[{"href":"https:\/\/hoovipood.ee\/fi\/wp-json\/wp\/v2\/types\/product"}],"wp:featuredmedia":[{"embeddable":true,"href":"https:\/\/hoovipood.ee\/fi\/wp-json\/wp\/v2\/media\/21160"}],"wp:attachment":[{"href":"https:\/\/hoovipood.ee\/fi\/wp-json\/wp\/v2\/media?parent=21169"}],"wp:term":[{"taxonomy":"product_brand","embeddable":true,"href":"https:\/\/hoovipood.ee\/fi\/wp-json\/wp\/v2\/product_brand?post=21169"},{"taxonomy":"product_cat","embeddable":true,"href":"https:\/\/hoovipood.ee\/fi\/wp-json\/wp\/v2\/product_cat?post=21169"},{"taxonomy":"product_tag","embeddable":true,"href":"https:\/\/hoovipood.ee\/fi\/wp-json\/wp\/v2\/product_tag?post=21169"}],"curies":[{"name":"wp","href":"https:\/\/api.w.org\/{rel}","templated":true}]}}